{"id":11,"date":"2019-02-10T19:39:49","date_gmt":"2019-02-10T19:39:49","guid":{"rendered":"https:\/\/kcbw.ch\/wp\/?page_id=11"},"modified":"2024-11-06T17:15:49","modified_gmt":"2024-11-06T16:15:49","slug":"kontakt","status":"publish","type":"page","link":"https:\/\/kcbw.ch\/wp\/kontakt\/","title":{"rendered":"Kontakt"},"content":{"rendered":"\n<p><\/p>\n\n\n\n<h2 class=\"wp-block-heading\">Kontakt bez\u00fcglich Einsteigerkurs, Eskimotierkurs und Schnuppertraining<\/h2>\n\n\n\n<p>Leider hatten wir in der Vergangenheit viele Anfragen, die h\u00e4ufig nur halbwegs seri\u00f6s waren. Das f\u00fchrte zu viel (unbezahlter und freiwilliger) Arbeit unsererseits bei zu wenig Clubverbundenheit\u2026 Darum haben wir das Kontaktformular abgeschafft, bitte schick uns stattdessen eine Email mit folgenden Angaben:<\/p>\n\n\n\n<ul class=\"wp-block-list\">\n<li>Anfragen bitte per Mail an vize(at)kcbw.ch, cc:web(at)kcbw.ch<\/li>\n\n\n\n<li>Adressangaben: Vorname, Name, Adresse, Handynummer<\/li>\n\n\n\n<li>Zur Person: Alter, ungef\u00e4hre Gr\u00f6sse und ungef\u00e4hres Gewicht (wichtig, damit wir das korrekte Boot bereitstellen k\u00f6nnen)<\/li>\n\n\n\n<li>Zur Erfahrung: schon gepaddelt? Auf Fluss, See, im Hallenbad? Wie lange her? Kannst du die Eskimorolle bereits?<\/li>\n\n\n\n<li>Zur Motivation: kann man sich vorstellen, nachher im Club mitzumachen oder nur mal zu schnuppern?<\/li>\n\n\n\n<li>(optional) Weiteres\u2026<\/li>\n<\/ul>\n\n\n\n<p>Emails ohne diese Angaben m\u00fcssen wir leider ignorieren.<\/p>\n\n\n\n<p>Wichtig: Wir sind kein kommerzieller Ausbildungsclub. Diese Kurse sind nur durch viel Freiwilligenarbeit m\u00f6glich. Das muss f\u00fcr beide Seiten stimmen. Ansonsten gibt es einige Anbieter (z.B. <a href=\"https:\/\/www.kanuschule.ch\/\">Kanuschule Versam<\/a>), die besser geeignet sind.<\/p>\n\n\n\n<hr class=\"wp-block-separator has-alpha-channel-opacity\"\/>\n\n\n\n<h2 class=\"wp-block-heading\">Kontakt bez\u00fcglich Club\/Kajak allgemein\/Slalomanlage<\/h2>\n\n\n\n<p>Alle Anfragen die irgendwie mit Kajak, dem Club oder unserer Slalomanlage zu tun haben: auf unserer <a href=\"https:\/\/kcbw.ch\/wp\/info\/vorstand\/\">Vorstandsseite<\/a> findest du die passende Ansprechsperson.<\/p>\n\n\n\n<hr class=\"wp-block-separator has-alpha-channel-opacity\"\/>\n\n\n\n<h2 class=\"wp-block-heading\">Kontakt bez\u00fcglich Website<\/h2>\n\n\n<div class=\"wp-block-image\">\n<figure class=\"alignleft\"><img loading=\"lazy\" decoding=\"async\" width=\"150\" height=\"150\" src=\"https:\/\/kcbw.ch\/wp\/wp-content\/uploads\/2019\/04\/DanielWidmer-150x150.jpg\" alt=\"\" class=\"wp-image-334\" srcset=\"https:\/\/kcbw.ch\/wp\/wp-content\/uploads\/2019\/04\/DanielWidmer-150x150.jpg 150w, https:\/\/kcbw.ch\/wp\/wp-content\/uploads\/2019\/04\/DanielWidmer-300x300.jpg 300w, https:\/\/kcbw.ch\/wp\/wp-content\/uploads\/2019\/04\/DanielWidmer-768x770.jpg 768w, https:\/\/kcbw.ch\/wp\/wp-content\/uploads\/2019\/04\/DanielWidmer-1021x1024.jpg 1021w, https:\/\/kcbw.ch\/wp\/wp-content\/uploads\/2019\/04\/DanielWidmer-100x100.jpg 100w, https:\/\/kcbw.ch\/wp\/wp-content\/uploads\/2019\/04\/DanielWidmer.jpg 1110w\" sizes=\"auto, (max-width: 150px) 100vw, 150px\" \/><\/figure>\n<\/div>\n\n\n<p>Alle Anfragen\/Korrekturen\/Erg\u00e4nzungen zu dieser Website: <br>Daniel Widmer, web(at)kcbw.ch<\/p>\n\n\n\n<div style=\"height:100px\" aria-hidden=\"true\" class=\"wp-block-spacer\"><\/div>\n\n\n\n<hr class=\"wp-block-separator has-css-opacity\"\/>\n\n\n\n<p><\/p>\n","protected":false},"excerpt":{"rendered":"<p>Kontakt bez\u00fcglich Einsteigerkurs, Eskimotierkurs und Schnuppertraining Leider hatten wir in der Vergangenheit viele Anfragen, die h\u00e4ufig nur halbwegs seri\u00f6s waren. Das f\u00fchrte zu viel (unbezahlter und freiwilliger) Arbeit unsererseits bei zu wenig Clubverbundenheit\u2026 Darum haben wir das Kontaktformular abgeschafft, bitte schick uns stattdessen eine Email mit folgenden Angaben: Emails ohne diese Angaben m\u00fcssen wir leider &hellip; <\/p>\n<p class=\"link-more\"><a href=\"https:\/\/kcbw.ch\/wp\/kontakt\/\" class=\"more-link\"><span class=\"screen-reader-text\">&#171;Kontakt&#187;<\/span> weiterlesen<\/a><\/p>\n","protected":false},"author":1,"featured_media":0,"parent":0,"menu_order":0,"comment_status":"closed","ping_status":"closed","template":"","meta":{"ngg_post_thumbnail":0,"footnotes":""},"class_list":["post-11","page","type-page","status-publish","hentry"],"_links":{"self":[{"href":"https:\/\/kcbw.ch\/wp\/wp-json\/wp\/v2\/pages\/11","targetHints":{"allow":["GET"]}}],"collection":[{"href":"https:\/\/kcbw.ch\/wp\/wp-json\/wp\/v2\/pages"}],"about":[{"href":"https:\/\/kcbw.ch\/wp\/wp-json\/wp\/v2\/types\/page"}],"author":[{"embeddable":true,"href":"https:\/\/kcbw.ch\/wp\/wp-json\/wp\/v2\/users\/1"}],"replies":[{"embeddable":true,"href":"https:\/\/kcbw.ch\/wp\/wp-json\/wp\/v2\/comments?post=11"}],"version-history":[{"count":13,"href":"https:\/\/kcbw.ch\/wp\/wp-json\/wp\/v2\/pages\/11\/revisions"}],"predecessor-version":[{"id":1417,"href":"https:\/\/kcbw.ch\/wp\/wp-json\/wp\/v2\/pages\/11\/revisions\/1417"}],"wp:attachment":[{"href":"https:\/\/kcbw.ch\/wp\/wp-json\/wp\/v2\/media?parent=11"}],"curies":[{"name":"wp","href":"https:\/\/api.w.org\/{rel}","templated":true}]}}